{"id":85,"date":"2018-06-11T05:32:52","date_gmt":"2018-06-11T05:32:52","guid":{"rendered":"http:\/\/service-beck.com\/wordpress\/?page_id=85"},"modified":"2018-06-11T05:32:52","modified_gmt":"2018-06-11T05:32:52","slug":"datenschutzerklarung","status":"publish","type":"page","link":"https:\/\/service-beck.com\/wordpress\/datenschutzerklarung\/","title":{"rendered":"Datenschutzerkl\u00e4rung"},"content":{"rendered":"<p>Service Beck respektiert Ihre Privatsph\u00e4re<\/p>\n<p>Der Schutz Ihrer Privatsph\u00e4re bei der Verarbeitung personenbezogener Daten sowie die Sicherheit aller Gesch\u00e4ftsdaten ist uns ein wichtiges Anliegen, das wir in unseren Gesch\u00e4ftsprozessen ber\u00fccksichtigen. Wir verarbeiten personenbezogene Daten, die bei Ihrem Besuch unserer Webseiten erhoben werden, vertraulich und nur gem\u00e4\u00df den gesetzlichen Bestimmungen.<\/p>\n<p>Erhebung und Verarbeitung personenbezogener Daten<\/p>\n<p>Personenbezogene Daten werden nur dann gespeichert, wenn Sie uns diese von sich aus zu dem jeweiligen Zweck z.B. im Rahmen einer Bewerbung, einer Anfrage oder zur Durchf\u00fchrung eines Vertrages f\u00fcr den Sie sie freigegeben haben, angeben.<\/p>\n<p>Dar\u00fcber hinaus werden folgende Informationen bei einem Besuch unserer Internetseiten erfasst: IP Adresse, Webseite von der aus der Besuch erfolgt (referrer), besuchte Seiten (pages), heruntergeladene Dateien (downloads), Ansicht von Videos\/Audio, Klick auf einzelne Links, Suchworte oder Suchphrasen (site search), Dauer des Besuch, genutzter Browser &#8230; Falls der Besuch \u00fcber Online-Werbung mittels bspw. Banner, Video-Ads, Suchmaschinen Werbung, \u2026 erfolgt, erfassen wir zus\u00e4tzlich, welches Banner oder Adword \u2026 zum Besuch der Service Beck-Internetseiten motiviert hat.<\/p>\n<p>Mit diesen Erkenntnissen k\u00f6nnen wir unsere Internetseiten weiter optimieren und noch besser auf die Bed\u00fcrfnisse unserer Besucher zuschneiden.<\/p>\n<p>Verwendung von Cookies<\/p>\n<p>1) Service Beck-Cookies<\/p>\n<p>Service Beck verwendet Cookies um Pr\u00e4ferenzen der Besucher verfolgen und die Webseiten entsprechend optimal gestalten zu k\u00f6nnen.<\/p>\n<p>Cookies sind kleine Textdateien, die auf Ihrem Computer gespeichert werden, wenn Sie unsere Internetseite besuchen. Wenn Sie es m\u00f6chten, k\u00f6nnen Sie die Cookies jederzeit wieder l\u00f6schen. Dies kann allerdings dazu f\u00fchren, dass Ihnen einzelne Funktionen nicht mehr zur Verf\u00fcgung stehen. Zum L\u00f6schen der Cookies informieren Sie sich bitte in der Hilfefunktion Ihres Browsers.<\/p>\n<p>2) Cookies von Dritten<\/p>\n<p>Auf einigen Service Beck Internetseiten sind Inhalte und Dienste von anderen Anbietern (z.B. YouTube, Facebook, Twitter) eingebunden, die ihrerseits Cookies und aktive Komponenten verwenden k\u00f6nnen. Service Beck hat auf die Verarbeitung von personenbezogenen Daten durch diese Anbieter keinen Einfluss.<\/p>\n<p>Bitte beachten Sie, dass die von Service Beck bereitgestellte M\u00f6glichkeit zur Einstellung der zu verwendenden Cookies keine Auswirkungen auf Cookies und aktive Komponenten anderer Anbieter (z.B. YouTube, Facebook, Twitter) hat.<\/p>\n<p>Bitte informieren Sie sich auf den Internetseiten der jeweiligen Anbieter \u00fcber den Umgang mit Ihren Daten.<\/p>\n<p>Webanalyse mit Google Analytics<\/p>\n<p>Zur internen Auswertung von Service Beck.de nutzen wir Google Analytics, einen Webanalysedienst der Google Inc., 1600 Amphitheatre Parkway, Mountain View, CA 94043, USA (\u201eGoogle\u201c).<\/p>\n<p>Google Analytics verwendet Cookies, die eine Analyse der Nutzung unserer Website erm\u00f6glichen. Die durch den Cookie erzeugten Informationen \u00fcber die Nutzung von Service Beck.de werden in der Regel an einen Server von Google in den USA \u00fcbertragen und dort gespeichert. Wir verwenden Google Analytics jedoch ausschlie\u00dflich mit einer IP-Anonymisierung. Dadurch wird Ihre IP-Adresse von Google innerhalb von Mitgliedstaaten der Europ\u00e4ischen Union oder in anderen Vertragsstaaten des Abkommens \u00fcber den Europ\u00e4ischen Wirtschaftsraum zuvor gek\u00fcrzt. Nur in Ausnahmef\u00e4llen wird die volle IP-Adresse an einen Server von Google in den USA \u00fcbertragen und dort gek\u00fcrzt. In unserem Auftrag wird Google diese Informationen verwenden, um die Nutzung von Service Beck.de auszuwerten, um Reports \u00fcber die Websiteaktivit\u00e4ten zusammenzustellen und um weitere mit der Websitenutzung und der Internetnutzung verbundene Dienstleistungen uns gegen\u00fcber zu erbringen.<\/p>\n<p>Die im Rahmen von Google Analytics von dem Browser \u00fcbermittelte IP-Adresse wird laut Google nicht mit anderen Daten von Google zusammengef\u00fchrt. Die Speicherung der Cookies kann durch die Browser-Einstellung \u201ekeine Cookies akzeptieren\u201c verhindern werden.<\/p>\n<p>Dar\u00fcber hinaus kann die Erfassung der durch den Cookie erzeugten und auf die Nutzung unserer Website bezogenen Daten (inkl. Ihrer IP-Adresse) an Google sowie die Verarbeitung dieser Daten durch Google unterbunden werden, indem das unter dem folgenden Link verf\u00fcgbare Browser-Plugin installiert wird:<\/p>\n<p>http:\/\/tools.google.com\/dlpage\/gaoptout?hl=de<\/p>\n<p>Dadurch wird ein Opt-Out-Cookie gesetzt, das die zuk\u00fcnftige Erfassung der Daten durch Google Analytics verhindert. Zugriff auf diese anonymisierten Daten erhalten ausschlie\u00dflich berechtigte Personen.<\/p>\n<p>Verwendung von externen Links<\/p>\n<p>Service Beck-Internetseiten k\u00f6nnen Links zu Internetseiten Dritter \u2212 mit uns nicht verbundener Anbieter \u2212 enthalten. Nach Anklicken des Links haben wir keinen Einfluss mehr auf die Erhebung, Speicherung, Verarbeitung etwaiger mit dem Anklicken des Links an den Dritten \u00fcbertragener, personenbezogener Daten (wie zum Beispiel die IP-Adresse oder die URL der Seite, auf der sich der Link befindet), da das Verhalten Dritter naturgem\u00e4\u00df unserer Kontrolle entzogen ist. F\u00fcr die Verarbeitung derartiger personenbezogener Daten durch Dritte \u00fcbernimmt Service Beck keine Verantwortung.<\/p>\n<p>Verwendung personenbezogener Daten und Zweckbindung<\/p>\n<p>Service Beck oder ein von Service Beck beauftragtes Dienstleistungsunternehmen nutzt Ihre personenbezogenen Daten zu Zwecken der technischen Administration der Webseiten, zur Kundenverwaltung, f\u00fcr Produktumfragen und f\u00fcr Ihre Anfragen bei Service Beck nur im jeweils daf\u00fcr erforderlichen Umfang oder gem\u00e4\u00df den Angaben der Verarbeitungszwecke an den entsprechenden Stellen unserer Webseiten. Unsere Mitarbeiter und die von Service Beck beauftragten Dienstleistungsunternehmen sind zur Verschwiegenheit und zur Einhaltung der Bestimmungen der Datenschutzgrundverordnung der Europ\u00e4ischen Union sowie des Bundesdatenschutzgesetzes verpflichtet.<\/p>\n<p>Des Weiteren werden alle erforderlichen technischen und organisatorischen Ma\u00dfnahmen zur Einhaltung des Datenschutzes ergriffen.<\/p>\n<p>Sicherheit<\/p>\n<p>Service Beck trifft Sicherheitsvorkehrungen, um Ihre durch uns verwalteten Daten gegen Manipulation, Verlust, Zerst\u00f6rung oder gegen Zugriff unberechtigter Personen oder unberechtigte Offenlegung zu sch\u00fctzen. Unsere Sicherheitsma\u00dfnahmen werden entsprechend der technologischen Entwicklung st\u00e4ndig verbessert.<\/p>\n<p>Werbung<\/p>\n<p>Wenn Sie uns personenbezogene Daten geben, dann nutzen wir diese um Sie \u00fcber unsere Produkte und Dienstleistungen informieren zu k\u00f6nnen und Sie gegebenenfalls hier\u00fcber zu befragen, sofern Sie uns hierzu ausdr\u00fccklich Ihre Einwilligung zur Nutzung Ihrer personenbezogenen Daten f\u00fcr Werbezwecke gegeben haben. Wenn Sie zwar Ihre Einwilligung f\u00fcr eine solche Nutzung gegeben haben, aber in Zukunft keine Werbung von Service Beck erhalten m\u00f6chten, dann k\u00f6nnen Sie Ihre Einwilligung jederzeit f\u00fcr die Zukunft widerrufen. Ihre Daten werden dann entsprechend gel\u00f6scht oder, sofern sie f\u00fcr Abrechnungs- und Buchhaltungszwecke noch erforderlich sind, gesperrt.<\/p>\n<p>Widerspruch<\/p>\n<p>Weiterhin k\u00f6nnen Sie jederzeit Ihre Einwilligung zur Erhebung, Verarbeitung und Nutzung Ihrer personenbezogenen Daten f\u00fcr die Zukunft widerrufen.<\/p>\n<p>Die L\u00f6schung der personenbezogenen Daten erfolgt, wenn Sie die Einwilligung zur Speicherung widerrufen, wenn die Kenntnis der personenbezogenen Daten zur Erf\u00fcllung des mit der Speicherung verfolgten Zwecks nicht mehr erforderlich ist oder wenn die Speicherung aus sonstigen gesetzlichen Gr\u00fcnden unzul\u00e4ssig ist.<\/p>\n<p>Daten, die f\u00fcr Abrechnungs- und Buchhaltungszwecke erforderlich sind oder der gesetzlichen Aufbewahrungspflicht unterliegen, sind davon nicht ber\u00fchrt.<\/p>\n<p>Auskunftsrecht und Kontaktm\u00f6glichkeit<\/p>\n<p>Sie haben ein Recht auf unentgeltliche Auskunft \u00fcber die bei uns zu ihrer Person gespeicherten Daten sowie ggf. ein Recht auf Berichtigung, Sperrung oder L\u00f6schung dieser Daten. Bei Fragen zur Erhebung, Verarbeitung oder Nutzung der personenbezogenen Daten, bei Ausk\u00fcnften, Berichtigung, Sperrung oder L\u00f6schung von Daten sowie Widerruf wende Sie sich bitte direkt an uns \u00fcber die Kontaktdaten in unserem Impressum.<\/p>\n","protected":false},"excerpt":{"rendered":"<p>Service Beck respektiert Ihre Privatsph\u00e4re Der Schutz Ihrer Privatsph\u00e4re bei der Verarbeitung personenbezogener Daten sowie die Sicherheit aller Gesch\u00e4ftsdaten ist uns ein wichtiges Anliegen, das wir in unseren Gesch\u00e4ftsprozessen ber\u00fccksichtigen. Wir verarbeiten personenbezogene Daten, die bei Ihrem Besuch unserer Webseiten erhoben werden, vertraulich und nur gem\u00e4\u00df den gesetzlichen Bestimmungen. Erhebung und Verarbeitung personenbezogener Daten Personenbezogene&#8230; <\/p>\n","protected":false},"author":2,"featured_media":0,"parent":0,"menu_order":0,"comment_status":"closed","ping_status":"closed","template":"","meta":[],"_links":{"self":[{"href":"https:\/\/service-beck.com\/wordpress\/wp-json\/wp\/v2\/pages\/85"}],"collection":[{"href":"https:\/\/service-beck.com\/wordpress\/wp-json\/wp\/v2\/pages"}],"about":[{"href":"https:\/\/service-beck.com\/wordpress\/wp-json\/wp\/v2\/types\/page"}],"author":[{"embeddable":true,"href":"https:\/\/service-beck.com\/wordpress\/wp-json\/wp\/v2\/users\/2"}],"replies":[{"embeddable":true,"href":"https:\/\/service-beck.com\/wordpress\/wp-json\/wp\/v2\/comments?post=85"}],"version-history":[{"count":1,"href":"https:\/\/service-beck.com\/wordpress\/wp-json\/wp\/v2\/pages\/85\/revisions"}],"predecessor-version":[{"id":87,"href":"https:\/\/service-beck.com\/wordpress\/wp-json\/wp\/v2\/pages\/85\/revisions\/87"}],"wp:attachment":[{"href":"https:\/\/service-beck.com\/wordpress\/wp-json\/wp\/v2\/media?parent=85"}],"curies":[{"name":"wp","href":"https:\/\/api.w.org\/{rel}","templated":true}]}}