{"id":4,"date":"2017-01-27T09:25:26","date_gmt":"2017-01-27T09:25:26","guid":{"rendered":"http:\/\/service-beck.com\/wordpress\/?page_id=4"},"modified":"2017-05-08T21:46:27","modified_gmt":"2017-05-08T21:46:27","slug":"buchhaltung","status":"publish","type":"page","link":"https:\/\/service-beck.com\/wordpress\/buchhaltung\/","title":{"rendered":"BUCHHALTUNG"},"content":{"rendered":"<p>Gern stehe ich Ihnen zur Verf\u00fcgung, bei allen regelm\u00e4\u00dfig anfallenden buchhalterischen Aufgaben<\/p>\n<p>\u25aa Erstellung monatlicher, viertelj\u00e4hrlicher und j\u00e4hrlicher Buchhaltung<\/p>\n<p>\u25aa Erfassung Ihrer laufenden Gesch\u00e4ftsvorf\u00e4lle<\/p>\n<p>\u25aa Vorbereitung Ihrer Unterlagen f\u00fcr den Steuerberater<\/p>\n<p>Zudem biete ich auch umfassende Beratung, wenn Sie eine Existenzgr\u00fcndung planen.<\/p>\n<p><a href=\".\/kontakt\/\">Fragen Sie unverbindlich an! Ich bin gern f\u00fcr Sie da.<\/a><\/p>\n","protected":false},"excerpt":{"rendered":"<p>Gern stehe ich Ihnen zur Verf\u00fcgung, bei allen regelm\u00e4\u00dfig anfallenden buchhalterischen Aufgaben \u25aa Erstellung monatlicher, viertelj\u00e4hrlicher und j\u00e4hrlicher Buchhaltung \u25aa Erfassung Ihrer laufenden Gesch\u00e4ftsvorf\u00e4lle \u25aa Vorbereitung Ihrer Unterlagen f\u00fcr den Steuerberater Zudem biete ich auch umfassende Beratung, wenn Sie eine Existenzgr\u00fcndung planen. Fragen Sie unverbindlich an! Ich bin gern f\u00fcr Sie da.<\/p>\n","protected":false},"author":1,"featured_media":0,"parent":0,"menu_order":0,"comment_status":"closed","ping_status":"closed","template":"","meta":[],"_links":{"self":[{"href":"https:\/\/service-beck.com\/wordpress\/wp-json\/wp\/v2\/pages\/4"}],"collection":[{"href":"https:\/\/service-beck.com\/wordpress\/wp-json\/wp\/v2\/pages"}],"about":[{"href":"https:\/\/service-beck.com\/wordpress\/wp-json\/wp\/v2\/types\/page"}],"author":[{"embeddable":true,"href":"https:\/\/service-beck.com\/wordpress\/wp-json\/wp\/v2\/users\/1"}],"replies":[{"embeddable":true,"href":"https:\/\/service-beck.com\/wordpress\/wp-json\/wp\/v2\/comments?post=4"}],"version-history":[{"count":8,"href":"https:\/\/service-beck.com\/wordpress\/wp-json\/wp\/v2\/pages\/4\/revisions"}],"predecessor-version":[{"id":68,"href":"https:\/\/service-beck.com\/wordpress\/wp-json\/wp\/v2\/pages\/4\/revisions\/68"}],"wp:attachment":[{"href":"https:\/\/service-beck.com\/wordpress\/wp-json\/wp\/v2\/media?parent=4"}],"curies":[{"name":"wp","href":"https:\/\/api.w.org\/{rel}","templated":true}]}}