{"id":2,"date":"2016-05-10T03:48:21","date_gmt":"2016-05-10T03:48:21","guid":{"rendered":"http:\/\/wp452m.a10-52-158-154.qa.plesk.ru\/wordpress\/?page_id=2"},"modified":"2017-05-08T07:16:58","modified_gmt":"2017-05-08T07:16:58","slug":"sample-page","status":"publish","type":"page","link":"https:\/\/service-beck.com\/wordpress\/","title":{"rendered":"HERZLICH WILLKOMMEN!"},"content":{"rendered":"<p>Sie sind auf der Suche nach schneller externer Unterst\u00fctzung f\u00fcr Ihre B\u00fcroorganisation oder Ihre Buchhaltungsarbeiten?<\/p>\n<p>Ich biete Ihnen diverse Dienstleistungen von Buchf\u00fchrung \u00fcber Beratung bis hin zu pers\u00f6nlichem Coaching.<\/p>\n<p><a href=\".\/kontakt\/\">Kontaktieren Sie mich telefonisch und vereinbaren Sie einen Termin.<\/a><\/p>\n","protected":false},"excerpt":{"rendered":"<p>Sie sind auf der Suche nach schneller externer Unterst\u00fctzung f\u00fcr Ihre B\u00fcroorganisation oder Ihre Buchhaltungsarbeiten? Ich biete Ihnen diverse Dienstleistungen von Buchf\u00fchrung \u00fcber Beratung bis hin zu pers\u00f6nlichem Coaching. Kontaktieren Sie mich telefonisch und vereinbaren Sie einen Termin.<\/p>\n","protected":false},"author":1,"featured_media":0,"parent":0,"menu_order":0,"comment_status":"closed","ping_status":"open","template":"","meta":[],"_links":{"self":[{"href":"https:\/\/service-beck.com\/wordpress\/wp-json\/wp\/v2\/pages\/2"}],"collection":[{"href":"https:\/\/service-beck.com\/wordpress\/wp-json\/wp\/v2\/pages"}],"about":[{"href":"https:\/\/service-beck.com\/wordpress\/wp-json\/wp\/v2\/types\/page"}],"author":[{"embeddable":true,"href":"https:\/\/service-beck.com\/wordpress\/wp-json\/wp\/v2\/users\/1"}],"replies":[{"embeddable":true,"href":"https:\/\/service-beck.com\/wordpress\/wp-json\/wp\/v2\/comments?post=2"}],"version-history":[{"count":3,"href":"https:\/\/service-beck.com\/wordpress\/wp-json\/wp\/v2\/pages\/2\/revisions"}],"predecessor-version":[{"id":97,"href":"https:\/\/service-beck.com\/wordpress\/wp-json\/wp\/v2\/pages\/2\/revisions\/97"}],"wp:attachment":[{"href":"https:\/\/service-beck.com\/wordpress\/wp-json\/wp\/v2\/media?parent=2"}],"curies":[{"name":"wp","href":"https:\/\/api.w.org\/{rel}","templated":true}]}}