{"id":10,"date":"2017-01-27T09:26:50","date_gmt":"2017-01-27T09:26:50","guid":{"rendered":"http:\/\/service-beck.com\/wordpress\/?page_id=10"},"modified":"2025-02-21T23:53:51","modified_gmt":"2025-02-21T23:53:51","slug":"kontakt","status":"publish","type":"page","link":"https:\/\/service-beck.com\/wordpress\/kontakt\/","title":{"rendered":"Kontakt"},"content":{"rendered":"<p>Sie erreichen mich pers\u00f6nlich unter der Rufnummer: 06151 30 72 288 oder Mobil unter 0151 404 31 822 oder schreiben Sie eine E-Mail an <a href=\"mailto:vb@service-beck.com\">vb@service-beck.com<\/a><\/p>\n<p><strong>Veronika Beck<br \/>\n<\/strong>Buchhaltungs- und B\u00fcroservice<strong><br \/>\n<\/strong><\/p>\n<p>VB Beck GmbH<br \/>\nAm Klo\u00dfberg 4<br \/>\n64367 M\u00fchltal<\/p>\n<p>Telefon: 06151- 30 72 288<\/p>\n<p>Mobil: 0155 632 11804<\/p>\n<p>E-Mail: <a href=\"mailto:vb@service-beck.com\">vb@service-beck.com<\/a><\/p>\n<p>Gesch\u00e4ftsf\u00fchrerin: Veronika Beck<br \/>\nRegistergericht: Amtsgericht Darmstadt,\u00a0 HRB 103658<br \/>\nUSt-IdNr.: DE353992611<\/p>\n","protected":false},"excerpt":{"rendered":"<p>Sie erreichen mich pers\u00f6nlich unter der Rufnummer: 06151 30 72 288 oder Mobil unter 0151 404 31 822 oder schreiben Sie eine E-Mail an vb@service-beck.com Veronika Beck Buchhaltungs- und B\u00fcroservice VB Beck GmbH Am Klo\u00dfberg 4 64367 M\u00fchltal Telefon: 06151- 30 72 288 Mobil: 0155 632 11804 E-Mail: vb@service-beck.com Gesch\u00e4ftsf\u00fchrerin: Veronika Beck Registergericht: Amtsgericht Darmstadt,\u00a0&#8230; <\/p>\n","protected":false},"author":1,"featured_media":0,"parent":0,"menu_order":0,"comment_status":"closed","ping_status":"closed","template":"","meta":[],"_links":{"self":[{"href":"https:\/\/service-beck.com\/wordpress\/wp-json\/wp\/v2\/pages\/10"}],"collection":[{"href":"https:\/\/service-beck.com\/wordpress\/wp-json\/wp\/v2\/pages"}],"about":[{"href":"https:\/\/service-beck.com\/wordpress\/wp-json\/wp\/v2\/types\/page"}],"author":[{"embeddable":true,"href":"https:\/\/service-beck.com\/wordpress\/wp-json\/wp\/v2\/users\/1"}],"replies":[{"embeddable":true,"href":"https:\/\/service-beck.com\/wordpress\/wp-json\/wp\/v2\/comments?post=10"}],"version-history":[{"count":13,"href":"https:\/\/service-beck.com\/wordpress\/wp-json\/wp\/v2\/pages\/10\/revisions"}],"predecessor-version":[{"id":118,"href":"https:\/\/service-beck.com\/wordpress\/wp-json\/wp\/v2\/pages\/10\/revisions\/118"}],"wp:attachment":[{"href":"https:\/\/service-beck.com\/wordpress\/wp-json\/wp\/v2\/media?parent=10"}],"curies":[{"name":"wp","href":"https:\/\/api.w.org\/{rel}","templated":true}]}}